{"id":27,"date":"2019-02-22T21:59:46","date_gmt":"2019-02-23T00:59:46","guid":{"rendered":"https:\/\/agenciaflores.cl\/wpn\/?page_id=27"},"modified":"2022-08-16T13:52:00","modified_gmt":"2022-08-16T16:52:00","slug":"contacto","status":"publish","type":"page","link":"https:\/\/agenciaflores.cl\/wpn\/contacto\/","title":{"rendered":"Contacto"},"content":{"rendered":"\n\t\t\t\t\t\t\t\t\t\t\t\t\t\t\t\t\t<a href=\"https:\/\/agenciaflores.cl\/wpn\/wp-content\/uploads\/2022\/07\/Contacto_01edit.jpg\" target=\"_self\" data-caption=\"\" rel=\"noopener\">\n\t\t\t\t\t\t\t\t\t\t<\/a>\n\t\t\t\t\t\t\t\t\t\t\t\t\t\t\t\t\t<a href=\"https:\/\/agenciaflores.cl\/wpn\/wp-content\/uploads\/2022\/07\/Contacto_02_edit.jpg\" target=\"_self\" data-caption=\"\" rel=\"noopener\">\n\t\t\t\t\t\t\t\t\t\t<\/a>\n\t\t\t\t\t\t\t\t\t\t\t\t\t\t\t\t\t<a href=\"https:\/\/agenciaflores.cl\/wpn\/wp-content\/uploads\/2022\/07\/Contacto_03_edit.jpg\" target=\"_self\" data-caption=\"\" rel=\"noopener\">\n\t\t\t\t\t\t\t\t\t\t<\/a>\n\t\t\t\t\t\t\t\t\t\t\t\t\t\t\t\t\t<a href=\"https:\/\/agenciaflores.cl\/wpn\/wp-content\/uploads\/2022\/07\/Contacto_04_edit.jpg\" target=\"_self\" data-caption=\"\" rel=\"noopener\">\n\t\t\t\t\t\t\t\t\t\t<\/a>\n\t\t\t\t\t\t\t\t<!-- pagination -->\n\t\t\t<h3>CONTACTO<\/h3>\t\t\t\n\t\t\t\t<p><strong>Casa Matriz:<\/strong> Jaime Repullo 785, Talcahuano<br \/><strong>Fono:<\/strong> +56 41 218 2570<\/p>\n<p>Si requiere m\u00e1s informaci\u00f3n, escr\u00edbanos y con gusto responderemos.<\/p>\n<form >\n    <h3>\n\t\t<\/h3>\n\t\n\t\t\n    \t\t<label for=\"pp-name\">Nombre<\/label>\n    \t\tPlease enter your name.\n    \t\t<input type=\"text\" name=\"pp-name\" value=\"\" placeholder=\"Nombre\"  \/>\n    \t\t<label for=\"pp-email\">Correo electr\u00f3nico<\/label>\n    \t\tPlease enter a valid email.\n    \t\t<input type=\"email\" name=\"pp-email\" value=\"\" placeholder=\"Correo electr\u00f3nico\"  \/>\n    \t\t<label for=\"pp-phone\">Fono de Contacto<\/label>\n    \t\tPlease enter a valid phone number.\n    \t\t<input type=\"tel\" name=\"pp-phone\" value=\"\" placeholder=\"Fono de Contacto\"  \/>\n    \t\t<label for=\"pp-message\">Mensaje<\/label>\n    \t\tPlease enter a message.\n    \t\t<textarea name=\"pp-message\" placeholder=\"Mensaje\" ><\/textarea>\n    \t<a href=\"#\" target=\"_self\" role=\"button\" rel=\"noopener\">\n    \t\t    \t\t    \t\tEnviar Mensaje\n    \t\t    \t\t    \t<\/a>\n\tMessage failed. Please try again.\n<\/form>\n  <p><strong>Gracias por escribirnos.<\/strong><br \/>Dentro de poco te contactaremos para hacer llegar la informaci\u00f3n requerida.<\/p>\n\t\t\t<h3>CONTACTO<\/h3>\t\t\t\n\t\t\t\t<p><strong>Casa Matriz:<\/strong> Jaime Repullo 785, Talcahuano<br \/><strong>Fono:<\/strong> +56 41 2118 2570<\/p>\n<p>Si requiere m\u00e1s informaci\u00f3n, escr\u00edbanos y con gusto responderemos.<\/p>\n<form >\n    <h3>\n\t\t<\/h3>\n\t\n\t\t\n    \t\t<label for=\"pp-name\">Nombre<\/label>\n    \t\tPlease enter your name.\n    \t\t<input type=\"text\" name=\"pp-name\" value=\"\" placeholder=\"Nombre\"  \/>\n    \t\t<label for=\"pp-email\">Correo electr\u00f3nico<\/label>\n    \t\tPlease enter a valid email.\n    \t\t<input type=\"email\" name=\"pp-email\" value=\"\" placeholder=\"Correo electr\u00f3nico\"  \/>\n    \t\t<label for=\"pp-phone\">Fono de Contacto<\/label>\n    \t\tPlease enter a valid phone number.\n    \t\t<input type=\"tel\" name=\"pp-phone\" value=\"\" placeholder=\"Fono de Contacto\"  \/>\n    \t\t<label for=\"pp-message\">Mensaje<\/label>\n    \t\tPlease enter a message.\n    \t\t<textarea name=\"pp-message\" placeholder=\"Mensaje\" ><\/textarea>\n    \t<a href=\"#\" target=\"_self\" role=\"button\" rel=\"noopener\">\n    \t\t    \t\t    \t\tEnviar Mensaje\n    \t\t    \t\t    \t<\/a>\n\tMessage failed. Please try again.\n<\/form>\n  <p><strong>Gracias por escribirnos.<\/strong><br \/>Dentro de poco te contactaremos para hacer llegar la informaci\u00f3n requerida.<\/p>\n","protected":false},"excerpt":{"rendered":"<p>CONTACTO Casa Matriz: Jaime Repullo 785, TalcahuanoFono: +56 41 218 2570 Si requiere m\u00e1s informaci\u00f3n, escr\u00edbanos y con gusto responderemos. Nombre Please enter your name. Correo electr\u00f3nico Please enter a valid email. Fono de Contacto Please enter a valid phone number. Mensaje Please enter a message. Enviar Mensaje Message failed. Please try again. Gracias por&hellip;<\/p>\n","protected":false},"author":1,"featured_media":0,"parent":0,"menu_order":0,"comment_status":"closed","ping_status":"closed","template":"","meta":[],"_links":{"self":[{"href":"https:\/\/agenciaflores.cl\/wpn\/wp-json\/wp\/v2\/pages\/27"}],"collection":[{"href":"https:\/\/agenciaflores.cl\/wpn\/wp-json\/wp\/v2\/pages"}],"about":[{"href":"https:\/\/agenciaflores.cl\/wpn\/wp-json\/wp\/v2\/types\/page"}],"author":[{"embeddable":true,"href":"https:\/\/agenciaflores.cl\/wpn\/wp-json\/wp\/v2\/users\/1"}],"replies":[{"embeddable":true,"href":"https:\/\/agenciaflores.cl\/wpn\/wp-json\/wp\/v2\/comments?post=27"}],"version-history":[{"count":62,"href":"https:\/\/agenciaflores.cl\/wpn\/wp-json\/wp\/v2\/pages\/27\/revisions"}],"predecessor-version":[{"id":1281,"href":"https:\/\/agenciaflores.cl\/wpn\/wp-json\/wp\/v2\/pages\/27\/revisions\/1281"}],"wp:attachment":[{"href":"https:\/\/agenciaflores.cl\/wpn\/wp-json\/wp\/v2\/media?parent=27"}],"curies":[{"name":"wp","href":"https:\/\/api.w.org\/{rel}","templated":true}]}}