{"id":1231,"date":"2022-08-10T17:11:54","date_gmt":"2022-08-10T20:11:54","guid":{"rendered":"https:\/\/agenciaflores.cl\/wpn\/?page_id=1231"},"modified":"2025-07-29T16:50:56","modified_gmt":"2025-07-29T19:50:56","slug":"que-significa-ser-oea","status":"publish","type":"page","link":"https:\/\/agenciaflores.cl\/wpn\/que-significa-ser-oea\/","title":{"rendered":"\u00bfQu\u00e9 significa ser OEA?"},"content":{"rendered":"\n\t\t\t<h3>\u00bfQU\u00c9 SIGNIFICA SER OEA?<\/h3>\t\t\t\n\t\t\t\t\n\t\t\t<h3>\u00bfQU\u00c9 SIGNIFICA SER OEA?<\/h3>\t\t\t\n\t\t\t\t\n\t\t\t\t<img loading=\"lazy\" src=\"https:\/\/agenciaflores.cl\/wpn\/wp-content\/uploads\/2022\/07\/gabrielle-henderson-HJckKnwCXxQ-unsplash.jpg\" alt=\"gabrielle-henderson-HJckKnwCXxQ-unsplash\" itemprop=\"image\" height=\"1280\" width=\"1920\" title=\"gabrielle-henderson-HJckKnwCXxQ-unsplash\" onerror=\"this.style.display='none'\"  \/>\n\t\t\t\t<p><strong>OEA (Operador Econ\u00f3mico Autorizado)<\/strong> es una certificaci\u00f3n de seguridad voluntaria que se obtiene al cumplir ciertos requisitos en la organizaci\u00f3n, lo que demuestra que una empresa est\u00e1 comprometida con la seguridad de la cadena log\u00edstica del comercio internacional y cuya certificaci\u00f3n es otorgada por una Aduana tras un proceso de auditor\u00eda.<\/p>\n<p>Cuando una empresa es reconocida como OEA obtiene una serie de beneficios para facilitar sus operaciones de comercio exterior, adem\u00e1s del reconocimiento como una organizaci\u00f3n segura tanto para sus asociados de negocios como para la autoridad aduanera.<\/p>\n\t\t\t\t<p>En Agencia de Aduana Rafael Flores Cuellas iniciamos la implementaci\u00f3n OEA durante <strong>el a\u00f1o 2017<\/strong> y nos hemos estado capacitando y mejorando nuestros procesos para asegurar este est\u00e1ndar y poder entregar un servicio m\u00e1s competitivo a nuestros clientes.<\/p>\n<p>Es tarea de todos quienes participamos en la cadena log\u00edstica, asumir la responsabilidad de implementar procesos que generen confianza y seguridad, es por ello que queremos informar a nuestros clientes y socios comerciales sobre las medidas que puede implementar para inspeccionar y verificar la integridad f\u00edsica de su mercader\u00eda, identificar cualquier irregularidad en el medio de transporte, as\u00ed como prevenir el acceso no autorizado de personas a los medios de transporte.<\/p>\n\t\t\t<h3>RESGUARDE SUS MERCANC\u00cdAS<\/h3>\t\t\t\n\t\t\t\t\n\t\t\t\t<img src=\"https:\/\/agenciaflores.cl\/wpn\/wp-content\/uploads\/2022\/08\/OEA_02.png\" alt=\"OEA_02\" itemprop=\"image\"\/>\n\t\t\t\t<p>Verifique datos del conductor y del transporte.<\/p>\n\t\t\t\t<img src=\"https:\/\/agenciaflores.cl\/wpn\/wp-content\/uploads\/2022\/08\/OEA_03.png\" alt=\"OEA_03\" itemprop=\"image\"\/>\n\t\t\t\t<p>Verifique la integridad del embalaje.<\/p>\n\t\t\t\t<img src=\"https:\/\/agenciaflores.cl\/wpn\/wp-content\/uploads\/2022\/08\/OEA_04.png\" alt=\"OEA_04\" itemprop=\"image\"\/>\n\t\t\t\t<p>Verifique que la informaci\u00f3n de la documentaci\u00f3n coincida con la mercader\u00eda a consolidar.<\/p>\n\t\t\t\t<img src=\"https:\/\/agenciaflores.cl\/wpn\/wp-content\/uploads\/2022\/08\/OEA_05.png\" alt=\"OEA_05\" itemprop=\"image\"\/>\n\t\t\t\t<p>El proceso de carga debe efectuarlo s\u00f3lo el personal autorizado.<\/p>\n\t\t\t\t<img src=\"https:\/\/agenciaflores.cl\/wpn\/wp-content\/uploads\/2022\/08\/OEA_06.png\" alt=\"OEA_06\" itemprop=\"image\"\/>\n\t\t\t\t<p>Verifique que la documentaci\u00f3n que acompa\u00f1a la mercader\u00eda es la que corresponde.<\/p>\n\t\t\t\t<img src=\"https:\/\/agenciaflores.cl\/wpn\/wp-content\/uploads\/2022\/08\/OEA_07.png\" alt=\"OEA_07\" itemprop=\"image\"\/>\n\t\t\t\t<p>Deje evidencia de todo el proceso de consolidaci\u00f3n.<\/p>\n\t\t\t<h3>INSPECCI\u00d3N DE CONTENEDORES<\/h3>\t\t\t\n\t\t\t\t<p><\/p>\n\t\t\t\t<p>El procedimiento est\u00e1ndar que debe utilizar la empresa para la inspecci\u00f3n de sus contenedores y garantizar que se encuentren aptos desde el punto de vista de la seguridad para el transporte de sus mercanc\u00edas es el siguiente:<\/p>\n\t\t\t<h3>7 PUNTOS DE INSPECCI\u00d3N<\/h3>\t\t\t\n\t\t\t\t<p><strong>1.<\/strong> Base de remolque.<br \/><strong>2.<\/strong> Puertas exteriores e interiores.<br \/><strong>3.<\/strong> Pared lateral izquierda.<br \/><strong>4.<\/strong> Techos internos y externos.<br \/><strong>5.<\/strong> Pared frontal.<br \/><strong>6.<\/strong> Pared lateral derecha.<br \/><strong>7.<\/strong> Piso interno.<\/p>\n\t\t\t\t<img loading=\"lazy\" src=\"https:\/\/agenciaflores.cl\/wpn\/wp-content\/uploads\/2022\/08\/OEA_08.png\" alt=\"OEA_08\" itemprop=\"image\" height=\"536\" width=\"979\" title=\"OEA_08\" onerror=\"this.style.display='none'\"  \/>\n\t\t\t<h3>INSPECCI\u00d3N DE SELLOS DE SEGURIDAD<\/h3>\t\t\t\n\t\t\t\t\n\t\t\t\t<p>Los requisitos generales estipulan que los sellos mec\u00e1nicos de seguridad deben ser:<br \/>\t<strong><\/p>\n<li>Fuertes y resistentes contra el clima, la acci\u00f3n qu\u00edmica y la manipulaci\u00f3n no detectable.<\/li>\n<li>F\u00e1ciles de colocar y sellar.<\/li>\n<li>Con marcas y numeraci\u00f3n permanente y \u00fanica.<\/li>\n<li>Con la marca del logo del fabricante y f\u00e1cilmente identificable.<\/li>\n<p><\/strong><br \/>El instructivo <strong>VVTT<\/strong> de <strong>C-TPAT<\/strong> detalla una correcta inspecci\u00f3n de los sellos de alta seguridad puestos en los contenedores. El proceso de inspecci\u00f3n y verificaci\u00f3n de sellos contempla:<\/p>\n\t\t\t\t<img loading=\"lazy\" src=\"https:\/\/agenciaflores.cl\/wpn\/wp-content\/uploads\/2022\/08\/OEA_010.png\" alt=\"OEA_010\" itemprop=\"image\" height=\"163\" width=\"715\" title=\"OEA_010\" onerror=\"this.style.display='none'\"  \/>\n\t\t\t<h3>VIEW SEAL<\/h3>\t\t\t\n\t\t\t\t<p>Observar el sello de seguridad y los mecanismos de cierre del contenedor.<br \/><strong>Reportar a jefatura o supervisor cualquier da\u00f1o excesivo<\/strong> a los mecanismos de cierre o bloqueo o en los sellos de seguridad, antes de abrir el contenedor.<br \/><strong>Buscar alg\u00fan perno, tornillo o aldaba suelta.<\/strong><\/p>\n\t\t\t\t<img loading=\"lazy\" src=\"https:\/\/agenciaflores.cl\/wpn\/wp-content\/uploads\/2022\/08\/OEA_011.png\" alt=\"OEA_011\" itemprop=\"image\" height=\"228\" width=\"514\" title=\"OEA_011\" onerror=\"this.style.display='none'\"  \/>\n\t\t\t<h3>VERIFY SEAL NUMBER<\/h3>\t\t\t\n\t\t\t\t<p><strong>Verificar que el n\u00famero del sello de seguridad sea el correcto.<\/strong><br \/>El n\u00famero o folio del sello <strong>debe coincidir con el papeleo de embarque.<\/strong><\/p>\n\t\t\t\t<img loading=\"lazy\" src=\"https:\/\/agenciaflores.cl\/wpn\/wp-content\/uploads\/2022\/08\/OEA_012.png\" alt=\"OEA_012\" itemprop=\"image\" height=\"228\" width=\"515\" title=\"OEA_012\" onerror=\"this.style.display='none'\"  \/>\n\t\t\t<h3>TUG ON SEAL<\/h3>\t\t\t\n\t\t\t\t<p><strong>Tirar el sello de seguridad<\/strong> para asegurar que est\u00e1 colocado correctamente.<br \/>Los sellos que vienen aparte <strong>deben ser reportados a un supervisor o jefatura<\/strong> antes de abrir el contenedor.<\/p>\n\t\t\t\t<img loading=\"lazy\" src=\"https:\/\/agenciaflores.cl\/wpn\/wp-content\/uploads\/2022\/08\/OEA_013.png\" alt=\"OEA_013\" itemprop=\"image\" height=\"229\" width=\"514\" title=\"OEA_013\" onerror=\"this.style.display='none'\"  \/>\n\t\t\t<h3>TWIST &#038; TURN SEAL<\/h3>\t\t\t\n\t\t\t\t<p>Girar el sello de seguridad para <strong>asegurar que NO<br \/>se abra.<\/strong><br \/>Si el sello de seguridad est\u00e1 roscado, puede ser abierto para acceder al contenedor.<\/p>\n\t\t\t\t<img loading=\"lazy\" src=\"https:\/\/agenciaflores.cl\/wpn\/wp-content\/uploads\/2022\/08\/OEA_013.png\" alt=\"OEA_013\" itemprop=\"image\" height=\"229\" width=\"514\" title=\"OEA_013\" onerror=\"this.style.display='none'\"  \/>\n\t\t\t<h3>REVISI\u00d3N DEL MEDIO DE TRANSPORTE<\/h3>\t\t\t\n\t\t\t\t\n\t\t\t\t<img loading=\"lazy\" src=\"https:\/\/agenciaflores.cl\/wpn\/wp-content\/uploads\/2022\/08\/OEA_09.png\" alt=\"OEA_09\" itemprop=\"image\" height=\"643\" width=\"1421\" title=\"OEA_09\" onerror=\"this.style.display='none'\"  \/>\n\t\t\t\t<p><strong>1. Cabina:<\/strong> Asientos, techo (lado interno y externo), piso de cabina, camarote (si corresponde), puertas<br \/>de cabina (lado interno y externo), guantera, otros puntos que apliquen y considere.<br \/><strong>2.<\/strong> Motor.<br \/><strong>3.<\/strong> Conductos de aire acondicionado.<br \/><strong>4.<\/strong> Tubos de escape.<br \/><strong>5.<\/strong> Parachoques (frontal y posterior).<br \/><strong>6.<\/strong> Neum\u00e1ticos, aros y ejes.<br \/><strong>7.<\/strong> Tanque de combustible.<br \/><strong>8.<\/strong> Tanque de aire, si corresponde.<\/p>\n\t\t\t\t<p><strong>9.<\/strong> Caja de herramientas, si corresponde.<br \/><strong>10.<\/strong> \u00c1rea de la rueda de auxilio, si corresponde.<br \/><strong>11.<\/strong> Chasis.<br \/><strong>12.<\/strong> Paredes laterales y pared frontal (interno y externo).<br \/><strong>13.<\/strong> Puertas (lado interno y externo).<br \/><strong>14.<\/strong> Piso.<br \/><strong>15.<\/strong> Interior de la carrocer\u00eda.<br \/><strong>16.<\/strong> Otros puntos que apliquen y considere prudente.<\/p>\n\t\t\t\t<p><strong>Los Incoterms<\/strong> son t\u00e9rminos, de tres letras cada uno, que reflejan las normas de aceptaci\u00f3n voluntaria por las dos partes <strong>\u2014compradora y vendedora\u2014<\/strong>, acerca de las condiciones de entrega de las mercanc\u00edas y\/o productos.<\/p>\n<p>Las reglas Incoterms delimitan la responsabilidad entre vendedor y comprador en cuanto a la entrega de las mercader\u00edas, costos y riesgos que implica esta entrega desde la empresa vendedora a la empresa compradora. Son aplicadas y entendidas de forma uniforme por los comerciantes, los redactores de contratos, as\u00ed como por las cortes de arbitrajes.<\/p>\n\t\t\t<h3>EXW \u2013 En F\u00e1brica<\/h3>\t\t\t\n\t\t\t\t<p>El vendedor realiza la entrega cuando pone la mercanc\u00eda a disposici\u00f3n del comprador en las instalaciones del vendedor o en otro lugar designado (Taller, Fabrica, Almac\u00e9n, Etc.). El vendedor no tiene que cargar la mercanc\u00eda en ning\u00fan veh\u00edculo de recogida, ni tiene que despacharla para la exportaci\u00f3n. EXW representa la m\u00ednima obligaci\u00f3n para el vendedor.<\/p>\n\t\t\t<h3>FCA \u2013 Libre Porteador<\/h3>\t\t\t\n\t\t\t\t<p>El vendedor entrega la mercanc\u00eda al porteador o a otra persona designada por el comprador en las instalaciones de la empresa vendedora o en otro lugar designado. FCA exige que el vendedor despache las mercanc\u00edas para la exportaci\u00f3n, cuando sea aplicable.<\/p>\n\t\t\t<h3>CPT \u2013 Transporte Pagado hasta<\/h3>\t\t\t\n\t\t\t\t<p>El vendedor entrega la mercanc\u00eda al porteador o a otra persona designada por el vendedor en el lugar acordado, y que el vendedor debe contratar y pagar los costos del transporte necesarios para llevar la mercanc\u00eda hasta el lugar de destino designado. Cuando se utiliza CPT, CIP, CFR o CIF, la empresa vendedora cumple con su obligaci\u00f3n de entrega cuando pone la mercanc\u00eda en poder del porteador y no cuando la mercanc\u00eda llega al lugar de destino. Esta regla tiene dos puntos cr\u00edticos porque el riesgo se transmite y los costos se transfieren en lugares diferentes.<\/p>\n\t\t\t<h3>CIP \u2013 Transporte y Seguro Pagado hasta<\/h3>\t\t\t\n\t\t\t\t<p>El vendedor entrega la mercanc\u00eda al porteador o a otra persona designada por el vendedor en el lugar acordado, y que el vendedor debe contratar y pagar los costos del transporte y seguro necesarios para llevar la mercanc\u00eda hasta el lugar de destino designado. Se debe observar que la obligaci\u00f3n del vendedor es obtener el seguro s\u00f3lo con una cobertura m\u00ednima.<\/p>\n\t\t\t<h3>DAT \u2013 Entrega en Terminal<\/h3>\t\t\t\n\t\t\t\t<p>El vendedor realiza la entrega cuando la mercanc\u00eda, una vez descargada del medio de transporte de llegada, se pone a disposici\u00f3n del comprador en el terminal designado en el puerto o lugar de destino, cubierto o no, como un muelle, almac\u00e9n, estaci\u00f3n de contenedores o terminal de carretera, ferroviaria o a\u00e9rea.<\/p>\n\t\t\t<h3>DAP \u2013 Entrega en Lugar<\/h3>\t\t\t\n\t\t\t\t<p>El vendedor realiza la entrega cuando la mercanc\u00eda se pone a disposici\u00f3n del comprador en el medio de transporte de llegada preparada para la descarga en el lugar de destino designado.<\/p>\n\t\t\t<h3>DDP \u2013 Entrega Derechos Pagados<\/h3>\t\t\t\n\t\t\t\t<p>El vendedor realiza la entrega cuando la mercanc\u00eda se pone a disposici\u00f3n del comprador despachada para la Importaci\u00f3n, con todos los impuestos y gastos de internaci\u00f3n de las mercanc\u00edas en el pa\u00eds del comprador DDP representa la m\u00e1xima obligaci\u00f3n para la empresa vendedora. Se recomienda no utilizar DDP si la empresa vendedora no puede, directa o indirectamente , conseguir el despacho de importaci\u00f3n.<\/p>\n\t\t\t<h3>FAS \u2013 Libre al costado del buque<\/h3>\t\t\t\n\t\t\t\t<p>El vendedor realiza la entrega cuando la mercanc\u00eda se coloca al costado del buque en el Puerto de embarque designado. La entrega se realiza en el muelle o en el sitio destinado por la C\u00eda. Naviera para stacking del embarque.<\/p>\n\t\t\t<h3>FOB \u2013 Libre a Bordo<\/h3>\t\t\t\n\t\t\t\t<p>El vendedor realiza la entrega de la mercanc\u00eda a bordo del buque designado por el comprador en el puerto de embarque.<\/p>\n\t\t\t<h3>CFR \u2013 Costo y Flete<\/h3>\t\t\t\n\t\t\t\t<p>El vendedor realiza la entrega de la mercanc\u00eda a bordo del buque en el puerto de embarque, debiendo adem\u00e1s contratar y pagar el valor flete internacional hasta el puerto de destino designado. El vendedor cumple con su obligaci\u00f3n de entrega cuando pone la mercanc\u00eda a bordo del buque y no cuando llega al lugar de destino.<\/p>\n\t\t\t<h3>CIF \u2013 Costo Seguro y Flete<\/h3>\t\t\t\n\t\t\t\t<p>El vendedor realiza la entrega de la mercanc\u00eda a bordo del buque en el puerto de embarque, debiendo adem\u00e1s contratar y pagar el valor flete internacional y del seguro hasta el puerto de destino designado. Se debe observar que la obligaci\u00f3n del vendedor es obtener el seguro s\u00f3lo con una cobertura m\u00ednima. El vendedor cumple con su obligaci\u00f3n de entrega cuando pone la mercanc\u00eda a bordo del buque y no cuando llega al lugar de destino.<\/p>\n","protected":false},"excerpt":{"rendered":"<p>\u00bfQU\u00c9 SIGNIFICA SER OEA? \u00bfQU\u00c9 SIGNIFICA SER OEA? OEA (Operador Econ\u00f3mico Autorizado) es una certificaci\u00f3n de seguridad voluntaria que se obtiene al cumplir ciertos requisitos en la organizaci\u00f3n, lo que demuestra que una empresa est\u00e1 comprometida con la seguridad de la cadena log\u00edstica del comercio internacional y cuya certificaci\u00f3n es otorgada por una Aduana tras&hellip;<\/p>\n","protected":false},"author":2,"featured_media":0,"parent":0,"menu_order":0,"comment_status":"closed","ping_status":"closed","template":"","meta":[],"_links":{"self":[{"href":"https:\/\/agenciaflores.cl\/wpn\/wp-json\/wp\/v2\/pages\/1231"}],"collection":[{"href":"https:\/\/agenciaflores.cl\/wpn\/wp-json\/wp\/v2\/pages"}],"about":[{"href":"https:\/\/agenciaflores.cl\/wpn\/wp-json\/wp\/v2\/types\/page"}],"author":[{"embeddable":true,"href":"https:\/\/agenciaflores.cl\/wpn\/wp-json\/wp\/v2\/users\/2"}],"replies":[{"embeddable":true,"href":"https:\/\/agenciaflores.cl\/wpn\/wp-json\/wp\/v2\/comments?post=1231"}],"version-history":[{"count":19,"href":"https:\/\/agenciaflores.cl\/wpn\/wp-json\/wp\/v2\/pages\/1231\/revisions"}],"predecessor-version":[{"id":1314,"href":"https:\/\/agenciaflores.cl\/wpn\/wp-json\/wp\/v2\/pages\/1231\/revisions\/1314"}],"wp:attachment":[{"href":"https:\/\/agenciaflores.cl\/wpn\/wp-json\/wp\/v2\/media?parent=1231"}],"curies":[{"name":"wp","href":"https:\/\/api.w.org\/{rel}","templated":true}]}}