{"id":1183,"date":"2022-08-07T20:38:55","date_gmt":"2022-08-07T23:38:55","guid":{"rendered":"https:\/\/agenciaflores.cl\/wpn\/?page_id=1183"},"modified":"2022-08-11T00:35:22","modified_gmt":"2022-08-11T03:35:22","slug":"disposiciones-legales","status":"publish","type":"page","link":"https:\/\/agenciaflores.cl\/wpn\/disposiciones-legales\/","title":{"rendered":"Disposiciones Legales"},"content":{"rendered":"\n\t\t\t<h3>DISPOSICIONES LEGALES<\/h3>\t\t\t\n\t\t\t\t\n\t\t\t<h3>DISPOSICIONES LEGALES<\/h3>\t\t\t\n\t\t\t\t\n\t\t\t<h3>NORMAS LEGALES<\/h3>\t\t\t\n\t\t\t\t\n\t<a href=\"https:\/\/www.bcn.cl\/leychile\/navegar?idNorma=238919&#038;idParte=\" target=\"_blank\" rel=\"noopener\"><\/a>\t\t\t\t\n\t\t\t<h3>Ordenanza de Aduanas: Decreto con Fuerza de Ley N\u00b030<\/h3>\t\t\t\n\t\t\t\t<p><\/p>\n\t<a href=\"https:\/\/www.bcn.cl\/leychile\/navegar?idNorma=5441&#038;idParte=0\" target=\"_blank\" rel=\"noopener\"><\/a>\t\t\t\t\n\t\t\t<h3>Ley Org\u00e1nica de Aduanas<\/h3>\t\t\t\n\t\t\t\t\n\t<a href=\"http:\/\/www.aduana.cl\/arancel-aduanero-vigente\/aduana\/2016-12-30\/090118.html\" target=\"_blank\" rel=\"noopener\"><\/a>\t\t\t\t\n\t\t\t<h3>Arancel Aduanero<\/h3>\t\t\t\n\t\t\t\t\n\t<a href=\"http:\/\/www.aduana.cl\/aduana\/site\/artic\/20161230\/asocfile\/20161230090118\/pdf_tablas_correlacion__2017___28dic.pdf\" target=\"_blank\" rel=\"noopener\"><\/a>\t\t\t\t\n\t\t\t<h3>Tablas de Correlaci\u00f3n 2012-2017<\/h3>\t\t\t\n\t\t\t\t\n\t<a href=\"http:\/\/www.aduana.cl\/arancel-aduanero-2007\/aduana\/2007-02-14\/133855.html\" target=\"_blank\" rel=\"noopener\"><\/a>\t\t\t\t\n\t\t\t<h3>Arancel Aduanero 2007<\/h3>\t\t\t\n\t\t\t\t\n\t<a href=\"http:\/\/www.aduana.cl\/leyes-de-fomento-a-las-exportaciones\/aduana\/2007-02-14\/173208.html\" target=\"_blank\" rel=\"noopener\"><\/a>\t\t\t\t\n\t\t\t<h3>Leyes de Fomento a las Exportaciones<\/h3>\t\t\t\n\t\t\t\t\n\t<a href=\"http:\/\/www.aduana.cl\/zona-franca\/aduana\/2007-07-20\/152628.html\" target=\"_blank\" rel=\"noopener\"><\/a>\t\t\t\t\n\t\t\t<h3>Zona Franca<\/h3>\t\t\t\n\t\t\t\t\n\t<a href=\"http:\/\/www.aduana.cl\/acuerdo-de-valoracion-omc\/aduana\/2007-02-15\/110716.html\" target=\"_blank\" rel=\"noopener\"><\/a>\t\t\t\t\n\t\t\t<h3>Acuerdo de Valoraci\u00f3n OMC<\/h3>\t\t\t\n\t\t\t\t\n\t<a href=\"http:\/\/www.aduana.cl\/otras-leyes\/aduana\/2007-02-15\/102245.html\" target=\"_blank\" rel=\"noopener\"><\/a>\t\t\t\t\n\t\t\t<h3>Otras Leyes<\/h3>\t\t\t\n\t\t\t\t\n\t\t\t<h3>NORMAS ADMINISTRATIVAS<\/h3>\t\t\t\n\t\t\t\t\n\t<a href=\"http:\/\/www.aduana.cl\/compendio-de-normas-aduaneras\/aduana\/2007-04-23\/125943.html\" target=\"_blank\" rel=\"noopener\"><\/a>\t\t\t\t\n\t\t\t<h3>Compendio de Normas Aduaneras<\/h3>\t\t\t\n\t\t\t\t\n\t<a href=\"http:\/\/www.aduana.cl\/manual-de-zonas-francas\/aduana\/2011-05-31\/155405.html\" target=\"_blank\" rel=\"noopener\"><\/a>\t\t\t\t\n\t\t\t<h3>Manual de Zonas Francas<\/h3>\t\t\t\n\t\t\t\t\n\t<a href=\"http:\/\/www.aduana.cl\/manual-de-pagos\/aduana\/2008-06-17\/105329.html\" target=\"_blank\" rel=\"noopener\"><\/a>\t\t\t\t\n\t\t\t<h3>Manual de Pagos<\/h3>\t\t\t\n\t\t\t\t\n\t<a href=\"http:\/\/www.aduana.cl\/resoluciones-2015-y-anos-anteriores\/aduana\/2015-01-06\/105729.html\" target=\"_blank\" rel=\"noopener\"><\/a>\t\t\t\t\n\t\t\t<h3>Resoluciones 2015<\/h3>\t\t\t\n\t\t\t\t\n\t<a href=\"http:\/\/www.aduana.cl\/oficios-circulares-2015-y-anos-anteriores\/aduana\/2015-01-06\/102736.html\" target=\"_blank\" rel=\"noopener\"><\/a>\t\t\t\t\n\t\t\t<h3>Oficios Circulares 2015 y anteriores<\/h3>\t\t\t\n\t\t\t\t\n\t<a href=\"http:\/\/www.aduana.cl\/fax-circulares-2015-y-anos-anteriores\/aduana\/2014-01-02\/105312.html\" target=\"_blank\" rel=\"noopener\"><\/a>\t\t\t\t\n\t\t\t<h3>Fax Circulares 2015 y anteriores<\/h3>\t\t\t\n\t\t\t\t\n\t<a href=\"http:\/\/www.aduana.cl\/preguntas-frecuentes-de-normas-administrativas\/aduana\/2013-05-13\/124109.html\" target=\"_blank\" rel=\"noopener\"><\/a>\t\t\t\t\n\t\t\t<h3>Preguntas sobre Normas Administrativas<\/h3>\t\t\t\n\t\t\t\t\n\t<a href=\"http:\/\/www.aduana.cl\/informes-juridicos-2014\/aduana\/2014-06-06\/163924.html\" target=\"_blank\" rel=\"noopener\"><\/a>\t\t\t\t\n\t\t\t<h3>Informes Jur\u00eddicos<\/h3>\t\t\t\n\t\t\t\t\n\t<a href=\"http:\/\/www.aduana.cl\/resoluciones-anticipadas-clasificacion-ano-2015\/aduana\/2015-01-08\/084457.html\" target=\"_blank\" rel=\"noopener\"><\/a>\t\t\t\t\n\t\t\t<h3>Resoluciones Anticipadas Clasificaci\u00f3n a\u00f1o 2015<\/h3>\t\t\t\n\t\t\t\t\n\t\t\t<h3>ACUERDOS Y TRATADOS DE LIBRE COMERCIO<\/h3>\t\t\t\n\t\t\t\t\n\t<a href=\"http:\/\/www.aduana.cl\/tratados-y-acuerdos-de-libre-comercio\/aduana\/2007-02-28\/122217.html\" target=\"_blank\" rel=\"noopener\"><\/a>\t\t\t\t\n\t\t\t<h3>Tratados y Acuerdos de Libre Comercio<\/h3>\t\t\t\n\t\t\t\t\n\t<a href=\"http:\/\/www.aduana.cl\/acuerdos-de-asociacion-economica\/aduana\/2007-03-02\/152654.html\" target=\"_blank\" rel=\"noopener\"><\/a>\t\t\t\t\n\t\t\t<h3>Acuerdos de Asociaci\u00f3n Econ\u00f3mica<\/h3>\t\t\t\n\t\t\t\t\n\t<a href=\"http:\/\/www.aduana.cl\/acuerdos-de-complementacion-economica\/aduana\/2007-02-28\/095807.html\" target=\"_blank\" rel=\"noopener\"><\/a>\t\t\t\t\n\t\t\t<h3>Acuerdos de Complementaci\u00f3n Econ\u00f3mica<\/h3>\t\t\t\n\t\t\t\t\n\t<a href=\"http:\/\/www.aduana.cl\/ley-20-690-eliminacion-aranceles-a-los-pma\/aduana\/2014-03-07\/092144.html\" target=\"_blank\" rel=\"noopener\"><\/a>\t\t\t\t\n\t\t\t<h3>Ley 20.690: Eliminaci\u00f3n Aranceles PMA<\/h3>\t\t\t\n\t\t\t\t\n\t<a href=\"http:\/\/www.aduana.cl\/certificados-de-origen\/aduana\/2013-04-17\/103419.html\" target=\"_blank\" rel=\"noopener\"><\/a>\t\t\t\t\n\t\t\t<h3>Certificados de Origen<\/h3>\t\t\t\n\t\t\t\t\n\t<a href=\"http:\/\/www.aduana.cl\/acuerdos-de-cooperacion-aduanera\/aduana\/2008-07-11\/171847.html\" target=\"_blank\" rel=\"noopener\"><\/a>\t\t\t\t\n\t\t\t<h3>Acuerdos de Cooperaci\u00f3n Aduanera<\/h3>\t\t\t\n\t\t\t\t\n","protected":false},"excerpt":{"rendered":"<p>DISPOSICIONES LEGALES DISPOSICIONES LEGALES NORMAS LEGALES Ordenanza de Aduanas: Decreto con Fuerza de Ley N\u00b030 Ley Org\u00e1nica de Aduanas Arancel Aduanero Tablas de Correlaci\u00f3n 2012-2017 Arancel Aduanero 2007 Leyes de Fomento a las Exportaciones Zona Franca Acuerdo de Valoraci\u00f3n OMC Otras Leyes NORMAS ADMINISTRATIVAS Compendio de Normas Aduaneras Manual de Zonas Francas Manual de Pagos&hellip;<\/p>\n","protected":false},"author":2,"featured_media":0,"parent":0,"menu_order":0,"comment_status":"closed","ping_status":"closed","template":"","meta":[],"_links":{"self":[{"href":"https:\/\/agenciaflores.cl\/wpn\/wp-json\/wp\/v2\/pages\/1183"}],"collection":[{"href":"https:\/\/agenciaflores.cl\/wpn\/wp-json\/wp\/v2\/pages"}],"about":[{"href":"https:\/\/agenciaflores.cl\/wpn\/wp-json\/wp\/v2\/types\/page"}],"author":[{"embeddable":true,"href":"https:\/\/agenciaflores.cl\/wpn\/wp-json\/wp\/v2\/users\/2"}],"replies":[{"embeddable":true,"href":"https:\/\/agenciaflores.cl\/wpn\/wp-json\/wp\/v2\/comments?post=1183"}],"version-history":[{"count":12,"href":"https:\/\/agenciaflores.cl\/wpn\/wp-json\/wp\/v2\/pages\/1183\/revisions"}],"predecessor-version":[{"id":1276,"href":"https:\/\/agenciaflores.cl\/wpn\/wp-json\/wp\/v2\/pages\/1183\/revisions\/1276"}],"wp:attachment":[{"href":"https:\/\/agenciaflores.cl\/wpn\/wp-json\/wp\/v2\/media?parent=1183"}],"curies":[{"name":"wp","href":"https:\/\/api.w.org\/{rel}","templated":true}]}}