{"id":27,"date":"2019-02-22T21:59:46","date_gmt":"2019-02-23T00:59:46","guid":{"rendered":"https:\/\/agenciaflores.cl\/wpn\/?page_id=27"},"modified":"2022-08-16T13:52:00","modified_gmt":"2022-08-16T16:52:00","slug":"contacto","status":"publish","type":"page","link":"https:\/\/agenciaflores.cl\/wpn\/en\/contacto\/","title":{"rendered":"Contact"},"content":{"rendered":"<a href=\"https:\/\/agenciaflores.cl\/wpn\/wp-content\/uploads\/2022\/07\/Contacto_01edit.jpg\" target=\"_self\" data-caption=\"\" rel=\"noopener\">\n\t\t\t\t\t\t\t\t\t\t<\/a>\n\t\t\t\t\t\t\t\t\t\t\t\t\t\t\t\t\t<a href=\"https:\/\/agenciaflores.cl\/wpn\/wp-content\/uploads\/2022\/07\/Contacto_02_edit.jpg\" target=\"_self\" data-caption=\"\" rel=\"noopener\">\n\t\t\t\t\t\t\t\t\t\t<\/a>\n\t\t\t\t\t\t\t\t\t\t\t\t\t\t\t\t\t<a href=\"https:\/\/agenciaflores.cl\/wpn\/wp-content\/uploads\/2022\/07\/Contacto_03_edit.jpg\" target=\"_self\" data-caption=\"\" rel=\"noopener\">\n\t\t\t\t\t\t\t\t\t\t<\/a>\n\t\t\t\t\t\t\t\t\t\t\t\t\t\t\t\t\t<a href=\"https:\/\/agenciaflores.cl\/wpn\/wp-content\/uploads\/2022\/07\/Contacto_04_edit.jpg\" target=\"_self\" data-caption=\"\" rel=\"noopener\">\n\t\t\t\t\t\t\t\t\t\t<\/a>\n\t\t\t\t\t\t\t\t<!-- pagination -->\n\t\t\t<h3>CONTACT<\/h3>\t\t\t\n\t\t\t\t<p><strong>Matrix house:<\/strong> Jaime Repullo 785, Talcahuano<br \/><strong>Phone:<\/strong> +56 41 218 2570<\/p>\n<p>If you require more information, write to us and we will gladly respond.<\/p>\n<form action=\"\" >\n    <h3>\n\t\t<\/h3>\n\t\n\t\t\n    \t\t<label for=\"pp-name\">Name<\/label>\n    \t\tPlease enter your name.\n    \t\t<input type=\"text\" name=\"pp-name\" value=\"\" placeholder=\"Name\"  \/>\n    \t\t<label for=\"pp-email\">Email<\/label>\n    \t\tPlease enter a valid email.\n    \t\t<input type=\"email\" name=\"pp-email\" value=\"\" placeholder=\"Email\"  \/>\n    \t\t<label for=\"pp-phone\">Contact Phone<\/label>\n    \t\tPlease enter a valid phone number.\n    \t\t<input type=\"tel\" name=\"pp-phone\" value=\"\" placeholder=\"Contact Phone\"  \/>\n    \t\t<label for=\"pp-message\">Message<\/label>\n    \t\tPlease enter a message.\n    \t\t<textarea name=\"pp-message\" placeholder=\"Message\" ><\/textarea>\n    \t<a href=\"#\" target=\"_self\" role=\"button\" rel=\"noopener\">\n    \t\t    \t\t    \t\tSend Message\n    \t\t    \t\t    \t<\/a>\n\tMessage failed. Please try again.\n<input type=\"hidden\" name=\"trp-form-language\" value=\"en\"\/><\/form>\n  <p><strong>Thanks for writing to us.<\/strong><br \/>We will contact you shortly to send the required information.<\/p>\n\t\t\t<h3>CONTACT<\/h3>\t\t\t\n\t\t\t\t<p><strong>Matrix house:<\/strong> Jaime Repullo 785, Talcahuano<br \/><strong>Phone:<\/strong> +56 41 2118 2570<\/p>\n<p>If you require more information, write to us and we will gladly respond.<\/p>\n<form action=\"\" >\n    <h3>\n\t\t<\/h3>\n\t\n\t\t\n    \t\t<label for=\"pp-name\">Name<\/label>\n    \t\tPlease enter your name.\n    \t\t<input type=\"text\" name=\"pp-name\" value=\"\" placeholder=\"Name\"  \/>\n    \t\t<label for=\"pp-email\">Email<\/label>\n    \t\tPlease enter a valid email.\n    \t\t<input type=\"email\" name=\"pp-email\" value=\"\" placeholder=\"Email\"  \/>\n    \t\t<label for=\"pp-phone\">Contact Phone<\/label>\n    \t\tPlease enter a valid phone number.\n    \t\t<input type=\"tel\" name=\"pp-phone\" value=\"\" placeholder=\"Contact Phone\"  \/>\n    \t\t<label for=\"pp-message\">Message<\/label>\n    \t\tPlease enter a message.\n    \t\t<textarea name=\"pp-message\" placeholder=\"Message\" ><\/textarea>\n    \t<a href=\"#\" target=\"_self\" role=\"button\" rel=\"noopener\">\n    \t\t    \t\t    \t\tSend Message\n    \t\t    \t\t    \t<\/a>\n\tMessage failed. Please try again.\n<input type=\"hidden\" name=\"trp-form-language\" value=\"en\"\/><\/form>\n  <p><strong>Thanks for writing to us.<\/strong><br \/>We will contact you shortly to send the required information.<\/p>","protected":false},"excerpt":{"rendered":"<p>CONTACTO Casa Matriz: Jaime Repullo 785, TalcahuanoFono: +56 41 218 2570 Si requiere m\u00e1s informaci\u00f3n, escr\u00edbanos y con gusto responderemos. Nombre Please enter your name. Correo electr\u00f3nico Please enter a valid email. Fono de Contacto Please enter a valid phone number. Mensaje Please enter a message. Enviar Mensaje Message failed. Please try again. Gracias por&hellip;<\/p>","protected":false},"author":1,"featured_media":0,"parent":0,"menu_order":0,"comment_status":"closed","ping_status":"closed","template":"","meta":[],"_links":{"self":[{"href":"https:\/\/agenciaflores.cl\/wpn\/en\/wp-json\/wp\/v2\/pages\/27"}],"collection":[{"href":"https:\/\/agenciaflores.cl\/wpn\/en\/wp-json\/wp\/v2\/pages"}],"about":[{"href":"https:\/\/agenciaflores.cl\/wpn\/en\/wp-json\/wp\/v2\/types\/page"}],"author":[{"embeddable":true,"href":"https:\/\/agenciaflores.cl\/wpn\/en\/wp-json\/wp\/v2\/users\/1"}],"replies":[{"embeddable":true,"href":"https:\/\/agenciaflores.cl\/wpn\/en\/wp-json\/wp\/v2\/comments?post=27"}],"version-history":[{"count":62,"href":"https:\/\/agenciaflores.cl\/wpn\/en\/wp-json\/wp\/v2\/pages\/27\/revisions"}],"predecessor-version":[{"id":1281,"href":"https:\/\/agenciaflores.cl\/wpn\/en\/wp-json\/wp\/v2\/pages\/27\/revisions\/1281"}],"wp:attachment":[{"href":"https:\/\/agenciaflores.cl\/wpn\/en\/wp-json\/wp\/v2\/media?parent=27"}],"curies":[{"name":"wp","href":"https:\/\/api.w.org\/{rel}","templated":true}]}}