{"id":1231,"date":"2022-08-10T17:11:54","date_gmt":"2022-08-10T20:11:54","guid":{"rendered":"https:\/\/agenciaflores.cl\/wpn\/?page_id=1231"},"modified":"2025-07-29T16:50:56","modified_gmt":"2025-07-29T19:50:56","slug":"que-significa-ser-oea","status":"publish","type":"page","link":"https:\/\/agenciaflores.cl\/wpn\/en\/que-significa-ser-oea\/","title":{"rendered":"What does it mean to be OEA?"},"content":{"rendered":"<h3>WHAT DOES IT MEAN TO BE AEO?<\/h3>\t\t\t\n\t\t\t\t\n\t\t\t<h3>WHAT DOES IT MEAN TO BE AEO?<\/h3>\t\t\t\n\t\t\t\t\n\t\t\t\t<img loading=\"lazy\" src=\"https:\/\/agenciaflores.cl\/wpn\/wp-content\/uploads\/2022\/07\/gabrielle-henderson-HJckKnwCXxQ-unsplash.jpg\" alt=\"gabrielle-henderson-HJckKnwCXxQ-unsplash\" itemprop=\"image\" height=\"1280\" width=\"1920\" title=\"gabrielle-henderson-HJckKnwCXxQ-unsplash\" onerror=\"this.style.display='none'\"  \/>\n\t\t\t\t<p><strong>AEO (Authorized Economic Operator)<\/strong> It is a voluntary security certification that is obtained by meeting certain requirements in the organization, which shows that a company is committed to the security of the international trade logistics chain and whose certification is granted by Customs after an audit process.<\/p>\n<p>When a company is recognized as an AEO, it obtains a series of benefits to facilitate its foreign trade operations, in addition to recognition as a safe organization for both its business associates and the customs authority.<\/p>\n\t\t\t\t<p>At Rafael Flores Cuellas Customs Agency we started the AEO implementation during <strong>the year 2017<\/strong> and we have been training and improving our processes to ensure this standard and to be able to deliver a more competitive service to our clients.<\/p>\n<p>It is the task of all of us who participate in the logistics chain, to assume the responsibility of implementing processes that generate trust and security, which is why we want to inform our clients and business partners about the measures that can be implemented to inspect and verify the physical integrity of your merchandise, identify any irregularity in the means of transport, as well as prevent unauthorized access of people to the means of transport.<\/p>\n\t\t\t<h3>PROTECT YOUR GOODS<\/h3>\t\t\t\n\t\t\t\t\n\t\t\t\t<img src=\"https:\/\/agenciaflores.cl\/wpn\/wp-content\/uploads\/2022\/08\/OEA_02.png\" alt=\"OEA_02\" itemprop=\"image\"\/>\n\t\t\t\t<p>Check driver and transportation data.<\/p>\n\t\t\t\t<img src=\"https:\/\/agenciaflores.cl\/wpn\/wp-content\/uploads\/2022\/08\/OEA_03.png\" alt=\"OEA_03\" itemprop=\"image\"\/>\n\t\t\t\t<p>Check the integrity of the packaging.<\/p>\n\t\t\t\t<img src=\"https:\/\/agenciaflores.cl\/wpn\/wp-content\/uploads\/2022\/08\/OEA_04.png\" alt=\"OEA_04\" itemprop=\"image\"\/>\n\t\t\t\t<p>Verify that the documentation information matches the merchandise to be consolidated.<\/p>\n\t\t\t\t<img src=\"https:\/\/agenciaflores.cl\/wpn\/wp-content\/uploads\/2022\/08\/OEA_05.png\" alt=\"OEA_05\" itemprop=\"image\"\/>\n\t\t\t\t<p>The charging process must be carried out only by authorized personnel.<\/p>\n\t\t\t\t<img src=\"https:\/\/agenciaflores.cl\/wpn\/wp-content\/uploads\/2022\/08\/OEA_06.png\" alt=\"OEA_06\" itemprop=\"image\"\/>\n\t\t\t\t<p>Verify that the documentation that accompanies the merchandise is the one that corresponds.<\/p>\n\t\t\t\t<img src=\"https:\/\/agenciaflores.cl\/wpn\/wp-content\/uploads\/2022\/08\/OEA_07.png\" alt=\"OEA_07\" itemprop=\"image\"\/>\n\t\t\t\t<p>Leave evidence of the entire consolidation process.<\/p>\n\t\t\t<h3>CONTAINER INSPECTION<\/h3>\t\t\t\n\t\t\t\t<p><\/p>\n\t\t\t\t<p>The standard procedure that the company must use to inspect its containers and ensure that they are suitable from the point of view of security for the transport of its goods is as follows:<\/p>\n\t\t\t<h3>7 INSPECTION POINTS<\/h3>\t\t\t\n\t\t\t\t<p><strong>1.<\/strong> Trailer base.<br \/><strong>2.<\/strong> Exterior and interior doors.<br \/><strong>3.<\/strong> Left side wall.<br \/><strong>4.<\/strong> Internal and external ceilings.<br \/><strong>5.<\/strong> Front wall.<br \/><strong>6.<\/strong> Right side wall.<br \/><strong>7.<\/strong> Internal floor.<\/p>\n\t\t\t\t<img loading=\"lazy\" src=\"https:\/\/agenciaflores.cl\/wpn\/wp-content\/uploads\/2022\/08\/OEA_08.png\" alt=\"OEA_08\" itemprop=\"image\" height=\"536\" width=\"979\" title=\"OEA_08\" onerror=\"this.style.display='none'\"  \/>\n\t\t\t<h3>INSPECCI\u00d3N DE SELLOS DE SEGURIDAD<\/h3>\t\t\t\n\t\t\t\t\n\t\t\t\t<p>The general requirements stipulate that mechanical safety seals must be:<br \/>\t<strong><\/p>\n<li>Strong and resistant against weather, chemical action and undetectable handling.<\/li>\n<li>F\u00e1ciles de colocar y sellar.<\/li>\n<li>With permanent and unique markings and numbering.<\/li>\n<li>With the brand of the manufacturer's logo and easily identifiable.<\/li>\n<p><\/strong><br \/>the instructions <strong>VVTT<\/strong> of <strong>C-TPAT<\/strong> details a correct inspection of the high security seals placed on the containers. The process of inspection and verification of seals includes:<\/p>\n\t\t\t\t<img loading=\"lazy\" src=\"https:\/\/agenciaflores.cl\/wpn\/wp-content\/uploads\/2022\/08\/OEA_010.png\" alt=\"OEA_010\" itemprop=\"image\" height=\"163\" width=\"715\" title=\"OEA_010\" onerror=\"this.style.display='none'\"  \/>\n\t\t\t<h3>VIEW SEAL<\/h3>\t\t\t\n\t\t\t\t<p>Observe the security seal and the closing mechanisms of the container.<br \/><strong>Report any excessive damage to management or supervisor<\/strong> to the closing or locking mechanisms or in the security seals, before opening the container.<br \/><strong>Look for any loose bolts, screws, or latches.<\/strong><\/p>\n\t\t\t\t<img loading=\"lazy\" src=\"https:\/\/agenciaflores.cl\/wpn\/wp-content\/uploads\/2022\/08\/OEA_011.png\" alt=\"OEA_011\" itemprop=\"image\" height=\"228\" width=\"514\" title=\"OEA_011\" onerror=\"this.style.display='none'\"  \/>\n\t\t\t<h3>VERIFY SEAL NUMBER<\/h3>\t\t\t\n\t\t\t\t<p><strong>Verify that the security seal number is correct.<\/strong><br \/>The number or folio of the seal <strong>must match shipping paperwork.<\/strong><\/p>\n\t\t\t\t<img loading=\"lazy\" src=\"https:\/\/agenciaflores.cl\/wpn\/wp-content\/uploads\/2022\/08\/OEA_012.png\" alt=\"OEA_012\" itemprop=\"image\" height=\"228\" width=\"515\" title=\"OEA_012\" onerror=\"this.style.display='none'\"  \/>\n\t\t\t<h3>TUG ON SEAL<\/h3>\t\t\t\n\t\t\t\t<p><strong>Throw away the security seal<\/strong> to ensure it is positioned correctly.<br \/>The seals that come apart <strong>must be reported to a supervisor or manager<\/strong> before opening the container.<\/p>\n\t\t\t\t<img loading=\"lazy\" src=\"https:\/\/agenciaflores.cl\/wpn\/wp-content\/uploads\/2022\/08\/OEA_013.png\" alt=\"OEA_013\" itemprop=\"image\" height=\"229\" width=\"514\" title=\"OEA_013\" onerror=\"this.style.display='none'\"  \/>\n\t\t\t<h3>TWIST &#038; TURN SEAL<\/h3>\t\t\t\n\t\t\t\t<p>Rotate the security seal to <strong>make sure NOT<br \/>open up<\/strong><br \/>If the security seal is threaded, it can be opened to access the container.<\/p>\n\t\t\t\t<img loading=\"lazy\" src=\"https:\/\/agenciaflores.cl\/wpn\/wp-content\/uploads\/2022\/08\/OEA_013.png\" alt=\"OEA_013\" itemprop=\"image\" height=\"229\" width=\"514\" title=\"OEA_013\" onerror=\"this.style.display='none'\"  \/>\n\t\t\t<h3>REVIEW OF THE MEANS OF TRANSPORTATION<\/h3>\t\t\t\n\t\t\t\t\n\t\t\t\t<img loading=\"lazy\" src=\"https:\/\/agenciaflores.cl\/wpn\/wp-content\/uploads\/2022\/08\/OEA_09.png\" alt=\"OEA_09\" itemprop=\"image\" height=\"643\" width=\"1421\" title=\"OEA_09\" onerror=\"this.style.display='none'\"  \/>\n\t\t\t\t<p><strong>1. Cabin:<\/strong> Seats, roof (inside and outside), cabin floor, cabin (if applicable), doors<br \/>cabin (internal and external side), glove box, other points that apply and consider.<br \/><strong>2.<\/strong> Engine.<br \/><strong>3.<\/strong> Air conditioning ducts.<br \/><strong>4.<\/strong> Exhaust pipes.<br \/><strong>5.<\/strong> Bumpers (front and rear).<br \/><strong>6.<\/strong> Tires, rims and axles.<br \/><strong>7.<\/strong> Fuel tank.<br \/><strong>8.<\/strong> Air tank, if applicable.<\/p>\n\t\t\t\t<p><strong>9.<\/strong> Toolbox, if applicable.<br \/><strong>10.<\/strong> Spare wheel area, if applicable.<br \/><strong>11.<\/strong> Chassis.<br \/><strong>12.<\/strong> Side walls and front wall (internal and external).<br \/><strong>13.<\/strong> Doors (internal and external side).<br \/><strong>14.<\/strong> Flat.<br \/><strong>15.<\/strong> Inside the body.<br \/><strong>16.<\/strong> Other points that apply and consider prudent.<\/p>\n\t\t\t\t<p><strong>Incoterms<\/strong> are terms, of three letters each, that reflect the rules of voluntary acceptance by both parties <strong>\u2014buyer and seller\u2014<\/strong>, about the delivery conditions of the goods and\/or products.<\/p>\n<p>Las reglas Incoterms delimitan la responsabilidad entre vendedor y comprador en cuanto a la entrega de las mercader\u00edas, costos y riesgos que implica esta entrega desde la empresa vendedora a la empresa compradora. Son aplicadas y entendidas de forma uniforme por los comerciantes, los redactores de contratos, as\u00ed como por las cortes de arbitrajes.<\/p>\n\t\t\t<h3>EXW \u2013 En F\u00e1brica<\/h3>\t\t\t\n\t\t\t\t<p>El vendedor realiza la entrega cuando pone la mercanc\u00eda a disposici\u00f3n del comprador en las instalaciones del vendedor o en otro lugar designado (Taller, Fabrica, Almac\u00e9n, Etc.). El vendedor no tiene que cargar la mercanc\u00eda en ning\u00fan veh\u00edculo de recogida, ni tiene que despacharla para la exportaci\u00f3n. EXW representa la m\u00ednima obligaci\u00f3n para el vendedor.<\/p>\n\t\t\t<h3>FCA \u2013 Libre Porteador<\/h3>\t\t\t\n\t\t\t\t<p>El vendedor entrega la mercanc\u00eda al porteador o a otra persona designada por el comprador en las instalaciones de la empresa vendedora o en otro lugar designado. FCA exige que el vendedor despache las mercanc\u00edas para la exportaci\u00f3n, cuando sea aplicable.<\/p>\n\t\t\t<h3>CPT \u2013 Transporte Pagado hasta<\/h3>\t\t\t\n\t\t\t\t<p>El vendedor entrega la mercanc\u00eda al porteador o a otra persona designada por el vendedor en el lugar acordado, y que el vendedor debe contratar y pagar los costos del transporte necesarios para llevar la mercanc\u00eda hasta el lugar de destino designado. Cuando se utiliza CPT, CIP, CFR o CIF, la empresa vendedora cumple con su obligaci\u00f3n de entrega cuando pone la mercanc\u00eda en poder del porteador y no cuando la mercanc\u00eda llega al lugar de destino. Esta regla tiene dos puntos cr\u00edticos porque el riesgo se transmite y los costos se transfieren en lugares diferentes.<\/p>\n\t\t\t<h3>CIP \u2013 Transporte y Seguro Pagado hasta<\/h3>\t\t\t\n\t\t\t\t<p>El vendedor entrega la mercanc\u00eda al porteador o a otra persona designada por el vendedor en el lugar acordado, y que el vendedor debe contratar y pagar los costos del transporte y seguro necesarios para llevar la mercanc\u00eda hasta el lugar de destino designado. Se debe observar que la obligaci\u00f3n del vendedor es obtener el seguro s\u00f3lo con una cobertura m\u00ednima.<\/p>\n\t\t\t<h3>DAT \u2013 Entrega en Terminal<\/h3>\t\t\t\n\t\t\t\t<p>El vendedor realiza la entrega cuando la mercanc\u00eda, una vez descargada del medio de transporte de llegada, se pone a disposici\u00f3n del comprador en el terminal designado en el puerto o lugar de destino, cubierto o no, como un muelle, almac\u00e9n, estaci\u00f3n de contenedores o terminal de carretera, ferroviaria o a\u00e9rea.<\/p>\n\t\t\t<h3>DAP \u2013 Entrega en Lugar<\/h3>\t\t\t\n\t\t\t\t<p>El vendedor realiza la entrega cuando la mercanc\u00eda se pone a disposici\u00f3n del comprador en el medio de transporte de llegada preparada para la descarga en el lugar de destino designado.<\/p>\n\t\t\t<h3>DDP \u2013 Entrega Derechos Pagados<\/h3>\t\t\t\n\t\t\t\t<p>El vendedor realiza la entrega cuando la mercanc\u00eda se pone a disposici\u00f3n del comprador despachada para la Importaci\u00f3n, con todos los impuestos y gastos de internaci\u00f3n de las mercanc\u00edas en el pa\u00eds del comprador DDP representa la m\u00e1xima obligaci\u00f3n para la empresa vendedora. Se recomienda no utilizar DDP si la empresa vendedora no puede, directa o indirectamente , conseguir el despacho de importaci\u00f3n.<\/p>\n\t\t\t<h3>FAS \u2013 Libre al costado del buque<\/h3>\t\t\t\n\t\t\t\t<p>El vendedor realiza la entrega cuando la mercanc\u00eda se coloca al costado del buque en el Puerto de embarque designado. La entrega se realiza en el muelle o en el sitio destinado por la C\u00eda. Naviera para stacking del embarque.<\/p>\n\t\t\t<h3>FOB \u2013 Libre a Bordo<\/h3>\t\t\t\n\t\t\t\t<p>El vendedor realiza la entrega de la mercanc\u00eda a bordo del buque designado por el comprador en el puerto de embarque.<\/p>\n\t\t\t<h3>CFR \u2013 Costo y Flete<\/h3>\t\t\t\n\t\t\t\t<p>El vendedor realiza la entrega de la mercanc\u00eda a bordo del buque en el puerto de embarque, debiendo adem\u00e1s contratar y pagar el valor flete internacional hasta el puerto de destino designado. El vendedor cumple con su obligaci\u00f3n de entrega cuando pone la mercanc\u00eda a bordo del buque y no cuando llega al lugar de destino.<\/p>\n\t\t\t<h3>CIF \u2013 Costo Seguro y Flete<\/h3>\t\t\t\n\t\t\t\t<p>El vendedor realiza la entrega de la mercanc\u00eda a bordo del buque en el puerto de embarque, debiendo adem\u00e1s contratar y pagar el valor flete internacional y del seguro hasta el puerto de destino designado. Se debe observar que la obligaci\u00f3n del vendedor es obtener el seguro s\u00f3lo con una cobertura m\u00ednima. El vendedor cumple con su obligaci\u00f3n de entrega cuando pone la mercanc\u00eda a bordo del buque y no cuando llega al lugar de destino.<\/p>","protected":false},"excerpt":{"rendered":"<p>\u00bfQU\u00c9 SIGNIFICA SER OEA? \u00bfQU\u00c9 SIGNIFICA SER OEA? OEA (Operador Econ\u00f3mico Autorizado) es una certificaci\u00f3n de seguridad voluntaria que se obtiene al cumplir ciertos requisitos en la organizaci\u00f3n, lo que demuestra que una empresa est\u00e1 comprometida con la seguridad de la cadena log\u00edstica del comercio internacional y cuya certificaci\u00f3n es otorgada por una Aduana tras&hellip;<\/p>","protected":false},"author":2,"featured_media":0,"parent":0,"menu_order":0,"comment_status":"closed","ping_status":"closed","template":"","meta":[],"_links":{"self":[{"href":"https:\/\/agenciaflores.cl\/wpn\/en\/wp-json\/wp\/v2\/pages\/1231"}],"collection":[{"href":"https:\/\/agenciaflores.cl\/wpn\/en\/wp-json\/wp\/v2\/pages"}],"about":[{"href":"https:\/\/agenciaflores.cl\/wpn\/en\/wp-json\/wp\/v2\/types\/page"}],"author":[{"embeddable":true,"href":"https:\/\/agenciaflores.cl\/wpn\/en\/wp-json\/wp\/v2\/users\/2"}],"replies":[{"embeddable":true,"href":"https:\/\/agenciaflores.cl\/wpn\/en\/wp-json\/wp\/v2\/comments?post=1231"}],"version-history":[{"count":19,"href":"https:\/\/agenciaflores.cl\/wpn\/en\/wp-json\/wp\/v2\/pages\/1231\/revisions"}],"predecessor-version":[{"id":1314,"href":"https:\/\/agenciaflores.cl\/wpn\/en\/wp-json\/wp\/v2\/pages\/1231\/revisions\/1314"}],"wp:attachment":[{"href":"https:\/\/agenciaflores.cl\/wpn\/en\/wp-json\/wp\/v2\/media?parent=1231"}],"curies":[{"name":"wp","href":"https:\/\/api.w.org\/{rel}","templated":true}]}}