{"id":1228,"date":"2022-08-10T17:09:36","date_gmt":"2022-08-10T20:09:36","guid":{"rendered":"https:\/\/agenciaflores.cl\/wpn\/?page_id=1228"},"modified":"2022-08-11T00:33:28","modified_gmt":"2022-08-11T03:33:28","slug":"incoterms-2022","status":"publish","type":"page","link":"https:\/\/agenciaflores.cl\/wpn\/en\/incoterms-2022\/","title":{"rendered":"Incoterms 2022"},"content":{"rendered":"<h3>INCOTERMS 2022<\/h3>\t\t\t\n\t\t\t\t\n\t\t\t<h3>DISPOSICIONES GENERALES<\/h3>\t\t\t\n\t\t\t\t\n\t\t\t\t<p><strong>Incoterms<\/strong> are terms, of three letters each, that reflect the rules of voluntary acceptance by both parties <strong>\u2014buyer and seller\u2014<\/strong>, about the delivery conditions of the goods and\/or products.<\/p>\n<p>Las reglas Incoterms delimitan la responsabilidad entre vendedor y comprador en cuanto a la entrega de las mercader\u00edas, costos y riesgos que implica esta entrega desde la empresa vendedora a la empresa compradora. Son aplicadas y entendidas de forma uniforme por los comerciantes, los redactores de contratos, as\u00ed como por las cortes de arbitrajes.<\/p>\n\t\t\t<h3>EXW \u2013 En F\u00e1brica<\/h3>\t\t\t\n\t\t\t\t<p>El vendedor realiza la entrega cuando pone la mercanc\u00eda a disposici\u00f3n del comprador en las instalaciones del vendedor o en otro lugar designado (Taller, Fabrica, Almac\u00e9n, Etc.). El vendedor no tiene que cargar la mercanc\u00eda en ning\u00fan veh\u00edculo de recogida, ni tiene que despacharla para la exportaci\u00f3n. EXW representa la m\u00ednima obligaci\u00f3n para el vendedor.<\/p>\n\t\t\t<h3>FCA \u2013 Libre Porteador<\/h3>\t\t\t\n\t\t\t\t<p>El vendedor entrega la mercanc\u00eda al porteador o a otra persona designada por el comprador en las instalaciones de la empresa vendedora o en otro lugar designado. FCA exige que el vendedor despache las mercanc\u00edas para la exportaci\u00f3n, cuando sea aplicable.<\/p>\n\t\t\t<h3>CPT \u2013 Transporte Pagado hasta<\/h3>\t\t\t\n\t\t\t\t<p>El vendedor entrega la mercanc\u00eda al porteador o a otra persona designada por el vendedor en el lugar acordado, y que el vendedor debe contratar y pagar los costos del transporte necesarios para llevar la mercanc\u00eda hasta el lugar de destino designado. Cuando se utiliza CPT, CIP, CFR o CIF, la empresa vendedora cumple con su obligaci\u00f3n de entrega cuando pone la mercanc\u00eda en poder del porteador y no cuando la mercanc\u00eda llega al lugar de destino. Esta regla tiene dos puntos cr\u00edticos porque el riesgo se transmite y los costos se transfieren en lugares diferentes.<\/p>\n\t\t\t<h3>CIP \u2013 Transporte y Seguro Pagado hasta<\/h3>\t\t\t\n\t\t\t\t<p>El vendedor entrega la mercanc\u00eda al porteador o a otra persona designada por el vendedor en el lugar acordado, y que el vendedor debe contratar y pagar los costos del transporte y seguro necesarios para llevar la mercanc\u00eda hasta el lugar de destino designado. Se debe observar que la obligaci\u00f3n del vendedor es obtener el seguro s\u00f3lo con una cobertura m\u00ednima.<\/p>\n\t\t\t<h3>DAT \u2013 Entrega en Terminal<\/h3>\t\t\t\n\t\t\t\t<p>El vendedor realiza la entrega cuando la mercanc\u00eda, una vez descargada del medio de transporte de llegada, se pone a disposici\u00f3n del comprador en el terminal designado en el puerto o lugar de destino, cubierto o no, como un muelle, almac\u00e9n, estaci\u00f3n de contenedores o terminal de carretera, ferroviaria o a\u00e9rea.<\/p>\n\t\t\t<h3>DAP \u2013 Entrega en Lugar<\/h3>\t\t\t\n\t\t\t\t<p>El vendedor realiza la entrega cuando la mercanc\u00eda se pone a disposici\u00f3n del comprador en el medio de transporte de llegada preparada para la descarga en el lugar de destino designado.<\/p>\n\t\t\t<h3>DDP \u2013 Entrega Derechos Pagados<\/h3>\t\t\t\n\t\t\t\t<p>El vendedor realiza la entrega cuando la mercanc\u00eda se pone a disposici\u00f3n del comprador despachada para la Importaci\u00f3n, con todos los impuestos y gastos de internaci\u00f3n de las mercanc\u00edas en el pa\u00eds del comprador DDP representa la m\u00e1xima obligaci\u00f3n para la empresa vendedora. Se recomienda no utilizar DDP si la empresa vendedora no puede, directa o indirectamente , conseguir el despacho de importaci\u00f3n.<\/p>\n\t\t\t<h3>FAS \u2013 Libre al costado del buque<\/h3>\t\t\t\n\t\t\t\t<p>El vendedor realiza la entrega cuando la mercanc\u00eda se coloca al costado del buque en el Puerto de embarque designado. La entrega se realiza en el muelle o en el sitio destinado por la C\u00eda. Naviera para stacking del embarque.<\/p>\n\t\t\t<h3>FOB \u2013 Libre a Bordo<\/h3>\t\t\t\n\t\t\t\t<p>El vendedor realiza la entrega de la mercanc\u00eda a bordo del buque designado por el comprador en el puerto de embarque.<\/p>\n\t\t\t<h3>CFR \u2013 Costo y Flete<\/h3>\t\t\t\n\t\t\t\t<p>El vendedor realiza la entrega de la mercanc\u00eda a bordo del buque en el puerto de embarque, debiendo adem\u00e1s contratar y pagar el valor flete internacional hasta el puerto de destino designado. El vendedor cumple con su obligaci\u00f3n de entrega cuando pone la mercanc\u00eda a bordo del buque y no cuando llega al lugar de destino.<\/p>\n\t\t\t<h3>CIF \u2013 Costo Seguro y Flete<\/h3>\t\t\t\n\t\t\t\t<p>El vendedor realiza la entrega de la mercanc\u00eda a bordo del buque en el puerto de embarque, debiendo adem\u00e1s contratar y pagar el valor flete internacional y del seguro hasta el puerto de destino designado. Se debe observar que la obligaci\u00f3n del vendedor es obtener el seguro s\u00f3lo con una cobertura m\u00ednima. El vendedor cumple con su obligaci\u00f3n de entrega cuando pone la mercanc\u00eda a bordo del buque y no cuando llega al lugar de destino.<\/p>\n\t\t\t\t<p><strong>Incoterms<\/strong> are terms, of three letters each, that reflect the rules of voluntary acceptance by both parties <strong>\u2014buyer and seller\u2014<\/strong>, about the delivery conditions of the goods and\/or products.<\/p>\n<p>Las reglas Incoterms delimitan la responsabilidad entre vendedor y comprador en cuanto a la entrega de las mercader\u00edas, costos y riesgos que implica esta entrega desde la empresa vendedora a la empresa compradora. Son aplicadas y entendidas de forma uniforme por los comerciantes, los redactores de contratos, as\u00ed como por las cortes de arbitrajes.<\/p>\n\t\t\t<h3>EXW \u2013 En F\u00e1brica<\/h3>\t\t\t\n\t\t\t\t<p>El vendedor realiza la entrega cuando pone la mercanc\u00eda a disposici\u00f3n del comprador en las instalaciones del vendedor o en otro lugar designado (Taller, Fabrica, Almac\u00e9n, Etc.). El vendedor no tiene que cargar la mercanc\u00eda en ning\u00fan veh\u00edculo de recogida, ni tiene que despacharla para la exportaci\u00f3n. EXW representa la m\u00ednima obligaci\u00f3n para el vendedor.<\/p>\n\t\t\t<h3>FCA \u2013 Libre Porteador<\/h3>\t\t\t\n\t\t\t\t<p>El vendedor entrega la mercanc\u00eda al porteador o a otra persona designada por el comprador en las instalaciones de la empresa vendedora o en otro lugar designado. FCA exige que el vendedor despache las mercanc\u00edas para la exportaci\u00f3n, cuando sea aplicable.<\/p>\n\t\t\t<h3>CPT \u2013 Transporte Pagado hasta<\/h3>\t\t\t\n\t\t\t\t<p>El vendedor entrega la mercanc\u00eda al porteador o a otra persona designada por el vendedor en el lugar acordado, y que el vendedor debe contratar y pagar los costos del transporte necesarios para llevar la mercanc\u00eda hasta el lugar de destino designado. Cuando se utiliza CPT, CIP, CFR o CIF, la empresa vendedora cumple con su obligaci\u00f3n de entrega cuando pone la mercanc\u00eda en poder del porteador y no cuando la mercanc\u00eda llega al lugar de destino. Esta regla tiene dos puntos cr\u00edticos porque el riesgo se transmite y los costos se transfieren en lugares diferentes.<\/p>\n\t\t\t<h3>CIP \u2013 Transporte y Seguro Pagado hasta<\/h3>\t\t\t\n\t\t\t\t<p>El vendedor entrega la mercanc\u00eda al porteador o a otra persona designada por el vendedor en el lugar acordado, y que el vendedor debe contratar y pagar los costos del transporte y seguro necesarios para llevar la mercanc\u00eda hasta el lugar de destino designado. Se debe observar que la obligaci\u00f3n del vendedor es obtener el seguro s\u00f3lo con una cobertura m\u00ednima.<\/p>\n\t\t\t<h3>DAT \u2013 Entrega en Terminal<\/h3>\t\t\t\n\t\t\t\t<p>El vendedor realiza la entrega cuando la mercanc\u00eda, una vez descargada del medio de transporte de llegada, se pone a disposici\u00f3n del comprador en el terminal designado en el puerto o lugar de destino, cubierto o no, como un muelle, almac\u00e9n, estaci\u00f3n de contenedores o terminal de carretera, ferroviaria o a\u00e9rea.<\/p>\n\t\t\t<h3>DAP \u2013 Entrega en Lugar<\/h3>\t\t\t\n\t\t\t\t<p>El vendedor realiza la entrega cuando la mercanc\u00eda se pone a disposici\u00f3n del comprador en el medio de transporte de llegada preparada para la descarga en el lugar de destino designado.<\/p>\n\t\t\t<h3>DDP \u2013 Entrega Derechos Pagados<\/h3>\t\t\t\n\t\t\t\t<p>El vendedor realiza la entrega cuando la mercanc\u00eda se pone a disposici\u00f3n del comprador despachada para la Importaci\u00f3n, con todos los impuestos y gastos de internaci\u00f3n de las mercanc\u00edas en el pa\u00eds del comprador DDP representa la m\u00e1xima obligaci\u00f3n para la empresa vendedora. Se recomienda no utilizar DDP si la empresa vendedora no puede, directa o indirectamente , conseguir el despacho de importaci\u00f3n.<\/p>\n\t\t\t<h3>FAS \u2013 Libre al costado del buque<\/h3>\t\t\t\n\t\t\t\t<p>El vendedor realiza la entrega cuando la mercanc\u00eda se coloca al costado del buque en el Puerto de embarque designado. La entrega se realiza en el muelle o en el sitio destinado por la C\u00eda. Naviera para stacking del embarque.<\/p>\n\t\t\t<h3>FOB \u2013 Libre a Bordo<\/h3>\t\t\t\n\t\t\t\t<p>El vendedor realiza la entrega de la mercanc\u00eda a bordo del buque designado por el comprador en el puerto de embarque.<\/p>\n\t\t\t<h3>CFR \u2013 Costo y Flete<\/h3>\t\t\t\n\t\t\t\t<p>El vendedor realiza la entrega de la mercanc\u00eda a bordo del buque en el puerto de embarque, debiendo adem\u00e1s contratar y pagar el valor flete internacional hasta el puerto de destino designado. El vendedor cumple con su obligaci\u00f3n de entrega cuando pone la mercanc\u00eda a bordo del buque y no cuando llega al lugar de destino.<\/p>\n\t\t\t<h3>CIF \u2013 Costo Seguro y Flete<\/h3>\t\t\t\n\t\t\t\t<p>El vendedor realiza la entrega de la mercanc\u00eda a bordo del buque en el puerto de embarque, debiendo adem\u00e1s contratar y pagar el valor flete internacional y del seguro hasta el puerto de destino designado. Se debe observar que la obligaci\u00f3n del vendedor es obtener el seguro s\u00f3lo con una cobertura m\u00ednima. El vendedor cumple con su obligaci\u00f3n de entrega cuando pone la mercanc\u00eda a bordo del buque y no cuando llega al lugar de destino.<\/p>","protected":false},"excerpt":{"rendered":"<p>INCOTERMS 2022 DISPOSICIONES GENERALES Los Incoterms son t\u00e9rminos, de tres letras cada uno, que reflejan las normas de aceptaci\u00f3n voluntaria por las dos partes \u2014compradora y vendedora\u2014, acerca de las condiciones de entrega de las mercanc\u00edas y\/o productos. Las reglas Incoterms delimitan la responsabilidad entre vendedor y comprador en cuanto a la entrega de las&hellip;<\/p>","protected":false},"author":2,"featured_media":0,"parent":0,"menu_order":0,"comment_status":"closed","ping_status":"closed","template":"","meta":[],"_links":{"self":[{"href":"https:\/\/agenciaflores.cl\/wpn\/en\/wp-json\/wp\/v2\/pages\/1228"}],"collection":[{"href":"https:\/\/agenciaflores.cl\/wpn\/en\/wp-json\/wp\/v2\/pages"}],"about":[{"href":"https:\/\/agenciaflores.cl\/wpn\/en\/wp-json\/wp\/v2\/types\/page"}],"author":[{"embeddable":true,"href":"https:\/\/agenciaflores.cl\/wpn\/en\/wp-json\/wp\/v2\/users\/2"}],"replies":[{"embeddable":true,"href":"https:\/\/agenciaflores.cl\/wpn\/en\/wp-json\/wp\/v2\/comments?post=1228"}],"version-history":[{"count":3,"href":"https:\/\/agenciaflores.cl\/wpn\/en\/wp-json\/wp\/v2\/pages\/1228\/revisions"}],"predecessor-version":[{"id":1274,"href":"https:\/\/agenciaflores.cl\/wpn\/en\/wp-json\/wp\/v2\/pages\/1228\/revisions\/1274"}],"wp:attachment":[{"href":"https:\/\/agenciaflores.cl\/wpn\/en\/wp-json\/wp\/v2\/media?parent=1228"}],"curies":[{"name":"wp","href":"https:\/\/api.w.org\/{rel}","templated":true}]}}